{"id":10,"date":"2013-11-14T12:47:27","date_gmt":"2013-11-14T12:47:27","guid":{"rendered":"http:\/\/www.maisondequartier.com\/nouvea_kp\/?page_id=10"},"modified":"2024-08-14T10:12:15","modified_gmt":"2024-08-14T07:12:15","slug":"referenssit","status":"publish","type":"page","link":"https:\/\/kielipalvelut.net\/index.php\/suomi\/referenssit\/","title":{"rendered":"Referenssit"},"content":{"rendered":"<p>Referenssej\u00e4mme ovat muun muassa:<\/p>\n<ul>\n<li>Ulkoasiainministeri\u00f6<\/li>\n<li>Opetus- ja kulttuuriministeri\u00f6<\/li>\n<li>Opetushallitus<\/li>\n<li>Suomen Akatemia<\/li>\n<li>CIMO<\/li>\n<li>CELIA<\/li>\n<li>Museovirasto<\/li>\n<li>Kansallisarkisto<\/li>\n<li>Luonnonvara- ja ymp\u00e4rist\u00f6tutkimuksen yhteenliittym\u00e4 LYNET<\/li>\n<li>Suomen ymp\u00e4rist\u00f6keskus<\/li>\n<li>Evira<\/li>\n<li>Metla<\/li>\n<li>MTT<\/li>\n<li>RKTL<\/li>\n<li>Geodeettinen laitos<\/li>\n<\/ul>\n","protected":false},"excerpt":{"rendered":"<p>Referenssej\u00e4mme ovat muun muassa: Ulkoasiainministeri\u00f6 Opetus- ja kulttuuriministeri\u00f6 Opetushallitus Suomen Akatemia CIMO CELIA Museovirasto Kansallisarkisto Luonnonvara- ja ymp\u00e4rist\u00f6tutkimuksen yhteenliittym\u00e4 LYNET Suomen ymp\u00e4rist\u00f6keskus Evira Metla MTT RKTL Geodeettinen laitos<\/p>\n","protected":false},"author":1,"featured_media":0,"parent":6,"menu_order":5,"comment_status":"closed","ping_status":"open","template":"","meta":[],"_links":{"self":[{"href":"https:\/\/kielipalvelut.net\/index.php\/wp-json\/wp\/v2\/pages\/10"}],"collection":[{"href":"https:\/\/kielipalvelut.net\/index.php\/wp-json\/wp\/v2\/pages"}],"about":[{"href":"https:\/\/kielipalvelut.net\/index.php\/wp-json\/wp\/v2\/types\/page"}],"author":[{"embeddable":true,"href":"https:\/\/kielipalvelut.net\/index.php\/wp-json\/wp\/v2\/users\/1"}],"replies":[{"embeddable":true,"href":"https:\/\/kielipalvelut.net\/index.php\/wp-json\/wp\/v2\/comments?post=10"}],"version-history":[{"count":5,"href":"https:\/\/kielipalvelut.net\/index.php\/wp-json\/wp\/v2\/pages\/10\/revisions"}],"predecessor-version":[{"id":617,"href":"https:\/\/kielipalvelut.net\/index.php\/wp-json\/wp\/v2\/pages\/10\/revisions\/617"}],"up":[{"embeddable":true,"href":"https:\/\/kielipalvelut.net\/index.php\/wp-json\/wp\/v2\/pages\/6"}],"wp:attachment":[{"href":"https:\/\/kielipalvelut.net\/index.php\/wp-json\/wp\/v2\/media?parent=10"}],"curies":[{"name":"wp","href":"https:\/\/api.w.org\/{rel}","templated":true}]}}