{"id":139,"date":"2013-12-08T15:16:44","date_gmt":"2013-12-08T15:16:44","guid":{"rendered":"http:\/\/www.maisondequartier.com\/nouvea_kp\/?page_id=139"},"modified":"2014-04-24T10:55:33","modified_gmt":"2014-04-24T10:55:33","slug":"kielivalikoimamme","status":"publish","type":"page","link":"https:\/\/kielipalvelut.net\/index.php\/suomi\/kielivalikoimamme\/","title":{"rendered":"Kielivalikoimamme"},"content":{"rendered":"<p>Kielivalikoimamme: englanti, ruotsi, ranska, ven\u00e4j\u00e4, espanja,<span style=\"mso-spacerun: yes;\"> italia, <\/span> saksa, suomi (ulkomaalaisille ja \u00e4idinkielen kielenhuolto), portugali, arabia, japani, kiina, vietnam, viro, tanska, farsi, turkki, korea.<\/p>\n","protected":false},"excerpt":{"rendered":"<p>Kielivalikoimamme: englanti, ruotsi, ranska, ven\u00e4j\u00e4, espanja, italia, saksa, suomi (ulkomaalaisille ja \u00e4idinkielen kielenhuolto), portugali, arabia, japani, kiina, vietnam, viro, tanska, farsi, turkki, korea.<\/p>\n","protected":false},"author":2,"featured_media":0,"parent":6,"menu_order":3,"comment_status":"closed","ping_status":"closed","template":"","meta":[],"_links":{"self":[{"href":"https:\/\/kielipalvelut.net\/index.php\/wp-json\/wp\/v2\/pages\/139"}],"collection":[{"href":"https:\/\/kielipalvelut.net\/index.php\/wp-json\/wp\/v2\/pages"}],"about":[{"href":"https:\/\/kielipalvelut.net\/index.php\/wp-json\/wp\/v2\/types\/page"}],"author":[{"embeddable":true,"href":"https:\/\/kielipalvelut.net\/index.php\/wp-json\/wp\/v2\/users\/2"}],"replies":[{"embeddable":true,"href":"https:\/\/kielipalvelut.net\/index.php\/wp-json\/wp\/v2\/comments?post=139"}],"version-history":[{"count":5,"href":"https:\/\/kielipalvelut.net\/index.php\/wp-json\/wp\/v2\/pages\/139\/revisions"}],"predecessor-version":[{"id":202,"href":"https:\/\/kielipalvelut.net\/index.php\/wp-json\/wp\/v2\/pages\/139\/revisions\/202"}],"up":[{"embeddable":true,"href":"https:\/\/kielipalvelut.net\/index.php\/wp-json\/wp\/v2\/pages\/6"}],"wp:attachment":[{"href":"https:\/\/kielipalvelut.net\/index.php\/wp-json\/wp\/v2\/media?parent=139"}],"curies":[{"name":"wp","href":"https:\/\/api.w.org\/{rel}","templated":true}]}}